{"id":173,"date":"2017-04-19T08:06:14","date_gmt":"2017-04-19T05:06:14","guid":{"rendered":"http:\/\/7uptheme.com\/wordpress\/fruitshop\/?post_type=product&#038;p=173"},"modified":"2024-10-11T23:35:51","modified_gmt":"2024-10-11T20:35:51","slug":"paper-floor-mats-for-cars","status":"publish","type":"product","link":"https:\/\/www.ranali.com.tr\/int\/product\/paper-floor-mats-for-cars\/","title":{"rendered":"Paper Floor Mats for Cars"},"content":{"rendered":"<h2>Paper Floor Mats for Cars<\/h2>\n<p>Our disposable recycling Paper Floor Mats for Cars are not only economical, but also a practical way to keep the interior of your customers&#8217; cars nice and clean at auto service, car showrooms, car washes.<\/p>\n<p>You know how much you care about keeping your customers&#8217; cars clean. Your attention to detail will go a long way towards gaining repeat customers. We also offer custom printed paper mats at low prices so you can display your brand, logo and other information to keep your customers loyal to your business.<\/p>\n<p><strong>Things to know before ordering:<\/strong><\/p>\n<ul class=\"WelcomeList\">\n<li>Average printing time is 4 business days.<\/li>\n<li>There may be 1-5 % wastage in pieces, sizes and colors.<\/li>\n<\/ul>\n","protected":false},"excerpt":{"rendered":"<p>Our disposable paper mats are not only economical, but also a practical way to keep the interior of your customers&#8217; cars nice and clean at auto services, car dealerships, car washes.<\/p>\n<p>34\u00d749 cm, 85 gr<\/p>\n<p>Black Color Printed\u00a0 Mat<\/p>\n<p>Recycle paper similar to kraft color<\/p>\n<p>Average preparation time 4 days<\/p>\n","protected":false},"featured_media":4700,"comment_status":"open","ping_status":"closed","template":"","meta":{"_uag_custom_page_level_css":"","site-sidebar-layout":"no-sidebar","site-content-layout":"plain-container","ast-site-content-layout":"","site-content-style":"default","site-sidebar-style":"default","ast-global-header-display":"","ast-banner-title-visibility":"","ast-main-header-display":"","ast-hfb-above-header-display":"","ast-hfb-below-header-display":"","ast-hfb-mobile-header-display":"","site-post-title":"disabled","ast-breadcrumbs-content":"","ast-featured-img":"disabled","footer-sml-layout":"","theme-transparent-header-meta":"default","adv-header-id-meta":"","stick-header-meta":"","header-above-stick-meta":"","header-main-stick-meta":"","header-below-stick-meta":"","astra-migrate-meta-layouts":"default","ast-page-background-enabled":"default","ast-page-background-meta":{"desktop":{"background-color":"var(--ast-global-color-4)","background-image":"","background-repeat":"repeat","background-position":"center center","background-size":"auto","background-attachment":"scroll","background-type":"","background-media":"","overlay-type":"","overlay-color":"","overlay-opacity":"","overlay-gradient":""},"tablet":{"background-color":"","background-image":"","background-repeat":"repeat","background-position":"center center","background-size":"auto","background-attachment":"scroll","background-type":"","background-media":"","overlay-type":"","overlay-color":"","overlay-opacity":"","overlay-gradient":""},"mobile":{"background-color":"","background-image":"","background-repeat":"repeat","background-position":"center center","background-size":"auto","background-attachment":"scroll","background-type":"","background-media":"","overlay-type":"","overlay-color":"","overlay-opacity":"","overlay-gradient":""}},"ast-content-background-meta":{"desktop":{"background-color":"var(--ast-global-color-5)","background-image":"","background-repeat":"repeat","background-position":"center center","background-size":"auto","background-attachment":"scroll","background-type":"","background-media":"","overlay-type":"","overlay-color":"","overlay-opacity":"","overlay-gradient":""},"tablet":{"background-color":"var(--ast-global-color-5)","background-image":"","background-repeat":"repeat","background-position":"center center","background-size":"auto","background-attachment":"scroll","background-type":"","background-media":"","overlay-type":"","overlay-color":"","overlay-opacity":"","overlay-gradient":""},"mobile":{"background-color":"var(--ast-global-color-5)","background-image":"","background-repeat":"repeat","background-position":"center center","background-size":"auto","background-attachment":"scroll","background-type":"","background-media":"","overlay-type":"","overlay-color":"","overlay-opacity":"","overlay-gradient":""}}},"product_cat":[131],"product_tag":[169,263,264,265,266],"class_list":{"0":"post-173","1":"product","2":"type-product","3":"status-publish","4":"has-post-thumbnail","6":"product_cat-marketing-materials","7":"product_tag-custom-paper-floor-mats","8":"product_tag-paper-floor-mats-for-cars","9":"product_tag-paper-floor-mats-for-cars-in-turkey","10":"product_tag-paper-floor-mats-for-cars-printing-in-istanbul","11":"product_tag-paper-floor-mats-for-cars-printing-in-turkey","12":"desktop-align-left","13":"tablet-align-left","14":"mobile-align-left","16":"first","17":"instock","18":"taxable","19":"shipping-taxable","20":"purchasable","21":"product-type-variable","22":"has-default-attributes"},"yoast_head":"<!-- This site is optimized with the Yoast SEO plugin v23.3 - https:\/\/yoast.com\/wordpress\/plugins\/seo\/ -->\n<title>Paper Floor Mats for Cars - Ranali<\/title>\n<meta name=\"description\" content=\"Paper Car Mats are a practical way to keep the interior of your customers&#039; cars nice and clean at car washes.\" \/>\n<meta name=\"robots\" content=\"index, follow, max-snippet:-1, max-image-preview:large, max-video-preview:-1\" \/>\n<link rel=\"canonical\" href=\"https:\/\/www.ranali.com.tr\/int\/product\/paper-floor-mats-for-cars\/\" \/>\n<meta name=\"twitter:card\" content=\"summary_large_image\" \/>\n<meta name=\"twitter:title\" content=\"Paper Floor Mats for Cars - Ranali\" \/>\n<meta name=\"twitter:description\" content=\"Paper Car Mats are a practical way to keep the interior of your customers&#039; cars nice and clean at car washes.\" \/>\n<meta name=\"twitter:image\" content=\"https:\/\/www.ranali.com.tr\/int\/wp-content\/uploads\/2017\/04\/oto-paspas-kagidi-1.jpg\" \/>\n<meta name=\"twitter:label1\" content=\"Est. reading time\" \/>\n\t<meta name=\"twitter:data1\" content=\"1 minute\" \/>\n<script type=\"application\/ld+json\" class=\"yoast-schema-graph\">{\"@context\":\"https:\/\/schema.org\",\"@graph\":[{\"@type\":\"WebPage\",\"@id\":\"https:\/\/www.ranali.com.tr\/int\/product\/paper-floor-mats-for-cars\/\",\"url\":\"https:\/\/www.ranali.com.tr\/int\/product\/paper-floor-mats-for-cars\/\",\"name\":\"Paper Floor Mats for Cars - Ranali\",\"isPartOf\":{\"@id\":\"https:\/\/www.ranali.com.tr\/int\/#website\"},\"primaryImageOfPage\":{\"@id\":\"https:\/\/www.ranali.com.tr\/int\/product\/paper-floor-mats-for-cars\/#primaryimage\"},\"image\":{\"@id\":\"https:\/\/www.ranali.com.tr\/int\/product\/paper-floor-mats-for-cars\/#primaryimage\"},\"thumbnailUrl\":\"https:\/\/www.ranali.com.tr\/int\/wp-content\/uploads\/2017\/04\/oto-paspas-kagidi-1.jpg\",\"datePublished\":\"2017-04-19T05:06:14+00:00\",\"dateModified\":\"2024-10-11T20:35:51+00:00\",\"description\":\"Paper Car Mats are a practical way to keep the interior of your customers' cars nice and clean at car washes.\",\"breadcrumb\":{\"@id\":\"https:\/\/www.ranali.com.tr\/int\/product\/paper-floor-mats-for-cars\/#breadcrumb\"},\"inLanguage\":\"en-US\",\"potentialAction\":[{\"@type\":\"ReadAction\",\"target\":[\"https:\/\/www.ranali.com.tr\/int\/product\/paper-floor-mats-for-cars\/\"]}]},{\"@type\":\"ImageObject\",\"inLanguage\":\"en-US\",\"@id\":\"https:\/\/www.ranali.com.tr\/int\/product\/paper-floor-mats-for-cars\/#primaryimage\",\"url\":\"https:\/\/www.ranali.com.tr\/int\/wp-content\/uploads\/2017\/04\/oto-paspas-kagidi-1.jpg\",\"contentUrl\":\"https:\/\/www.ranali.com.tr\/int\/wp-content\/uploads\/2017\/04\/oto-paspas-kagidi-1.jpg\",\"width\":800,\"height\":800,\"caption\":\"Oto Paspas Ka\u011f\u0131d\u0131\"},{\"@type\":\"BreadcrumbList\",\"@id\":\"https:\/\/www.ranali.com.tr\/int\/product\/paper-floor-mats-for-cars\/#breadcrumb\",\"itemListElement\":[{\"@type\":\"ListItem\",\"position\":1,\"name\":\"Home\",\"item\":\"https:\/\/www.ranali.com.tr\/int\/\"},{\"@type\":\"ListItem\",\"position\":2,\"name\":\"Shop\",\"item\":\"https:\/\/www.ranali.com.tr\/int\/shop\/\"},{\"@type\":\"ListItem\",\"position\":3,\"name\":\"Paper Floor Mats for Cars\"}]},{\"@type\":\"WebSite\",\"@id\":\"https:\/\/www.ranali.com.tr\/int\/#website\",\"url\":\"https:\/\/www.ranali.com.tr\/int\/\",\"name\":\"Ranali\",\"description\":\"\",\"publisher\":{\"@id\":\"https:\/\/www.ranali.com.tr\/int\/#organization\"},\"alternateName\":\"Ranali Printing\",\"potentialAction\":[{\"@type\":\"SearchAction\",\"target\":{\"@type\":\"EntryPoint\",\"urlTemplate\":\"https:\/\/www.ranali.com.tr\/int\/?s={search_term_string}\"},\"query-input\":\"required name=search_term_string\"}],\"inLanguage\":\"en-US\"},{\"@type\":\"Organization\",\"@id\":\"https:\/\/www.ranali.com.tr\/int\/#organization\",\"name\":\"Ranali Printing \u0130nternational\",\"alternateName\":\"Ranali Printing\",\"url\":\"https:\/\/www.ranali.com.tr\/int\/\",\"logo\":{\"@type\":\"ImageObject\",\"inLanguage\":\"en-US\",\"@id\":\"https:\/\/www.ranali.com.tr\/int\/#\/schema\/logo\/image\/\",\"url\":\"https:\/\/www.ranali.com.tr\/int\/wp-content\/uploads\/2022\/05\/LOGO_ENG.jpg\",\"contentUrl\":\"https:\/\/www.ranali.com.tr\/int\/wp-content\/uploads\/2022\/05\/LOGO_ENG.jpg\",\"width\":224,\"height\":74,\"caption\":\"Ranali Printing \u0130nternational\"},\"image\":{\"@id\":\"https:\/\/www.ranali.com.tr\/int\/#\/schema\/logo\/image\/\"},\"sameAs\":[\"https:\/\/www.instagram.com\/ranalicomtr\/\"]}]}<\/script>\n<!-- \/ Yoast SEO plugin. -->","yoast_head_json":{"title":"Paper Floor Mats for Cars - Ranali","description":"Paper Car Mats are a practical way to keep the interior of your customers' cars nice and clean at car washes.","robots":{"index":"index","follow":"follow","max-snippet":"max-snippet:-1","max-image-preview":"max-image-preview:large","max-video-preview":"max-video-preview:-1"},"canonical":"https:\/\/www.ranali.com.tr\/int\/product\/paper-floor-mats-for-cars\/","twitter_card":"summary_large_image","twitter_title":"Paper Floor Mats for Cars - Ranali","twitter_description":"Paper Car Mats are a practical way to keep the interior of your customers' cars nice and clean at car washes.","twitter_image":"https:\/\/www.ranali.com.tr\/int\/wp-content\/uploads\/2017\/04\/oto-paspas-kagidi-1.jpg","twitter_misc":{"Est. reading time":"1 minute"},"schema":{"@context":"https:\/\/schema.org","@graph":[{"@type":"WebPage","@id":"https:\/\/www.ranali.com.tr\/int\/product\/paper-floor-mats-for-cars\/","url":"https:\/\/www.ranali.com.tr\/int\/product\/paper-floor-mats-for-cars\/","name":"Paper Floor Mats for Cars - Ranali","isPartOf":{"@id":"https:\/\/www.ranali.com.tr\/int\/#website"},"primaryImageOfPage":{"@id":"https:\/\/www.ranali.com.tr\/int\/product\/paper-floor-mats-for-cars\/#primaryimage"},"image":{"@id":"https:\/\/www.ranali.com.tr\/int\/product\/paper-floor-mats-for-cars\/#primaryimage"},"thumbnailUrl":"https:\/\/www.ranali.com.tr\/int\/wp-content\/uploads\/2017\/04\/oto-paspas-kagidi-1.jpg","datePublished":"2017-04-19T05:06:14+00:00","dateModified":"2024-10-11T20:35:51+00:00","description":"Paper Car Mats are a practical way to keep the interior of your customers' cars nice and clean at car washes.","breadcrumb":{"@id":"https:\/\/www.ranali.com.tr\/int\/product\/paper-floor-mats-for-cars\/#breadcrumb"},"inLanguage":"en-US","potentialAction":[{"@type":"ReadAction","target":["https:\/\/www.ranali.com.tr\/int\/product\/paper-floor-mats-for-cars\/"]}]},{"@type":"ImageObject","inLanguage":"en-US","@id":"https:\/\/www.ranali.com.tr\/int\/product\/paper-floor-mats-for-cars\/#primaryimage","url":"https:\/\/www.ranali.com.tr\/int\/wp-content\/uploads\/2017\/04\/oto-paspas-kagidi-1.jpg","contentUrl":"https:\/\/www.ranali.com.tr\/int\/wp-content\/uploads\/2017\/04\/oto-paspas-kagidi-1.jpg","width":800,"height":800,"caption":"Oto Paspas Ka\u011f\u0131d\u0131"},{"@type":"BreadcrumbList","@id":"https:\/\/www.ranali.com.tr\/int\/product\/paper-floor-mats-for-cars\/#breadcrumb","itemListElement":[{"@type":"ListItem","position":1,"name":"Home","item":"https:\/\/www.ranali.com.tr\/int\/"},{"@type":"ListItem","position":2,"name":"Shop","item":"https:\/\/www.ranali.com.tr\/int\/shop\/"},{"@type":"ListItem","position":3,"name":"Paper Floor Mats for Cars"}]},{"@type":"WebSite","@id":"https:\/\/www.ranali.com.tr\/int\/#website","url":"https:\/\/www.ranali.com.tr\/int\/","name":"Ranali","description":"","publisher":{"@id":"https:\/\/www.ranali.com.tr\/int\/#organization"},"alternateName":"Ranali Printing","potentialAction":[{"@type":"SearchAction","target":{"@type":"EntryPoint","urlTemplate":"https:\/\/www.ranali.com.tr\/int\/?s={search_term_string}"},"query-input":"required name=search_term_string"}],"inLanguage":"en-US"},{"@type":"Organization","@id":"https:\/\/www.ranali.com.tr\/int\/#organization","name":"Ranali Printing \u0130nternational","alternateName":"Ranali Printing","url":"https:\/\/www.ranali.com.tr\/int\/","logo":{"@type":"ImageObject","inLanguage":"en-US","@id":"https:\/\/www.ranali.com.tr\/int\/#\/schema\/logo\/image\/","url":"https:\/\/www.ranali.com.tr\/int\/wp-content\/uploads\/2022\/05\/LOGO_ENG.jpg","contentUrl":"https:\/\/www.ranali.com.tr\/int\/wp-content\/uploads\/2022\/05\/LOGO_ENG.jpg","width":224,"height":74,"caption":"Ranali Printing \u0130nternational"},"image":{"@id":"https:\/\/www.ranali.com.tr\/int\/#\/schema\/logo\/image\/"},"sameAs":["https:\/\/www.instagram.com\/ranalicomtr\/"]}]}},"uagb_featured_image_src":{"full":["https:\/\/www.ranali.com.tr\/int\/wp-content\/uploads\/2017\/04\/oto-paspas-kagidi-1.jpg",800,800,false],"thumbnail":["https:\/\/www.ranali.com.tr\/int\/wp-content\/uploads\/2017\/04\/oto-paspas-kagidi-1-150x150.jpg",150,150,true],"medium":["https:\/\/www.ranali.com.tr\/int\/wp-content\/uploads\/2017\/04\/oto-paspas-kagidi-1-300x300.jpg",300,300,true],"medium_large":["https:\/\/www.ranali.com.tr\/int\/wp-content\/uploads\/2017\/04\/oto-paspas-kagidi-1-768x768.jpg",768,768,true],"large":["https:\/\/www.ranali.com.tr\/int\/wp-content\/uploads\/2017\/04\/oto-paspas-kagidi-1.jpg",800,800,false],"1536x1536":["https:\/\/www.ranali.com.tr\/int\/wp-content\/uploads\/2017\/04\/oto-paspas-kagidi-1.jpg",800,800,false],"2048x2048":["https:\/\/www.ranali.com.tr\/int\/wp-content\/uploads\/2017\/04\/oto-paspas-kagidi-1.jpg",800,800,false],"woocommerce_thumbnail":["https:\/\/www.ranali.com.tr\/int\/wp-content\/uploads\/2017\/04\/oto-paspas-kagidi-1-430x430.jpg",430,430,true],"woocommerce_single":["https:\/\/www.ranali.com.tr\/int\/wp-content\/uploads\/2017\/04\/oto-paspas-kagidi-1-700x700.jpg",700,700,true],"woocommerce_gallery_thumbnail":["https:\/\/www.ranali.com.tr\/int\/wp-content\/uploads\/2017\/04\/oto-paspas-kagidi-1-100x100.jpg",100,100,true]},"uagb_author_info":{"display_name":"Ranali","author_link":"https:\/\/www.ranali.com.tr\/int\/author\/"},"uagb_comment_info":0,"uagb_excerpt":"Our disposable paper mats are not only economical, but also a practical way to keep the interior of your customers' cars nice and clean at auto services, car dealerships, car washes. 34\u00d749 cm, 85 gr Black Color Printed\u00a0 Mat Recycle paper similar to kraft color Average preparation time 4 days","_links":{"self":[{"href":"https:\/\/www.ranali.com.tr\/int\/wp-json\/wp\/v2\/product\/173","targetHints":{"allow":["GET"]}}],"collection":[{"href":"https:\/\/www.ranali.com.tr\/int\/wp-json\/wp\/v2\/product"}],"about":[{"href":"https:\/\/www.ranali.com.tr\/int\/wp-json\/wp\/v2\/types\/product"}],"replies":[{"embeddable":true,"href":"https:\/\/www.ranali.com.tr\/int\/wp-json\/wp\/v2\/comments?post=173"}],"wp:featuredmedia":[{"embeddable":true,"href":"https:\/\/www.ranali.com.tr\/int\/wp-json\/wp\/v2\/media\/4700"}],"wp:attachment":[{"href":"https:\/\/www.ranali.com.tr\/int\/wp-json\/wp\/v2\/media?parent=173"}],"wp:term":[{"taxonomy":"product_cat","embeddable":true,"href":"https:\/\/www.ranali.com.tr\/int\/wp-json\/wp\/v2\/product_cat?post=173"},{"taxonomy":"product_tag","embeddable":true,"href":"https:\/\/www.ranali.com.tr\/int\/wp-json\/wp\/v2\/product_tag?post=173"}],"curies":[{"name":"wp","href":"https:\/\/api.w.org\/{rel}","templated":true}]}}